{"id":215,"date":"2022-09-30T16:23:22","date_gmt":"2022-09-30T14:23:22","guid":{"rendered":"https:\/\/www.antoniooliva.ch\/?page_id=215"},"modified":"2022-09-30T16:40:30","modified_gmt":"2022-09-30T14:40:30","slug":"cookie-policy","status":"publish","type":"page","link":"https:\/\/www.antoniooliva.ch\/it\/cookie-policy\/","title":{"rendered":"Cookie Policy"},"content":{"rendered":"\n<p>I cookie sono piccoli file di testo memorizzati sul computer dell&#8217;utente dai siti web. A seguito delle novit\u00e0 introdotte dalla Direttiva 2009\/136\/CE sulla Privacy e sulle Comunicazioni Elettroniche, recepita dal Decreto Legislativo 28\/5\/2012, n. 69, \u00e8 ormai illegale utilizzare i cookie per raccogliere informazioni sugli utenti senza aver prima ottenuto il consenso.<\/p>\n\n\n\n<p><strong>Come utilizziamo i cookie<\/strong><\/p>\n\n\n\n<p>Utilizziamo i cookie per una serie di motivi spiegati di seguito. Purtroppo nella maggior parte dei casi non esistono procedure standard per disabilitare i cookie senza disabilitare completamente le funzionalit\u00e0 del sito e le funzionalit\u00e0 aggiuntive. Ti consigliamo di lasciare tutti i cookie attivi se non sei sicuro.<\/p>\n\n\n\n<p><strong>Disabilitazione dei cookie<\/strong><\/p>\n\n\n\n<p>Puoi impedire l&#8217;uso dei cookie modificando le impostazioni del tuo browser (consulta la guida del tuo browser su come procedere). Tieni presente che la disabilitazione dei cookie influir\u00e0 sulla funzionalit\u00e0 di questo e di molti altri siti Web che visiti. La disabilitazione dei cookie di solito provoca l&#8217;interruzione di alcune funzionalit\u00e0 e funzionalit\u00e0 del sito. Pertanto ti consigliamo di non disabilitare i cookie.<\/p>\n\n\n\n<p>Perch\u00e9 il sito antoniooliva.ch utilizza i cookie<br>il sito antoniooliva.ch utilizza i cookie per molte ragioni. Alcuni cookie sono essenziali, in quanto non sarebbe possibile, ad esempio, acquistare prodotti senza il loro utilizzo.<br>il sito antoniooliva.ch \u00e8 sempre alla ricerca di modi per migliorare il proprio sito web e facilitare agli utenti la raccolta di informazioni sui propri prodotti. A tal fine, \u00e8 importante che il sito antoniooliva.ch comprenda come gli utenti utilizzano il suo sito web.<\/p>\n\n\n\n<p>I cookie aiutano inoltre il sito antoniooliva.ch ad offrire all&#8217;utente un&#8217;esperienza migliore e pi\u00f9 ricca; ad esempio, se trovi qualcosa di interessante, \u00e8 possibile che l&#8217;utente desideri segnalarlo su Facebook o Twitter e i cookie facilitano questa operazione.<\/p>\n\n\n\n<p>il sito antoniooliva.ch ha classificato i cookie che utilizza in base alla tipologia di utilizzo, nelle categorie Essential, Statistical, Functional e Tracking.<\/p>\n\n\n\n<p><strong>Come avvisare l&#8217;utente e ottenere il suo consenso<\/strong><\/p>\n\n\n\n<p>Quando visiti il sito per la prima volta, il sito antoniooliva.ch visualizza un banner nella parte inferiore dello schermo per informarti che il sito antoniooliva.ch utilizza i cookie descritti nella presente informativa. Il banner chiede all&#8217;utente se desidera maggiori informazioni e contiene un link per aprire la pagina corrispondente. Se decidi di ignorare la notifica e continuare a utilizzare il sito web, il sito antoniooliva.ch memorizzer\u00e0 un cookie sul tuo computer per registrare tale scelta e la successiva navigazione del sito sar\u00e0 considerata un consenso all&#8217;uso dei cookie utilizzati sul sito web in questione.<\/p>\n\n\n\n<p>Se decidi di rimuovere parzialmente o totalmente i cookie, ricorda che l&#8217;utilizzo del sito web pu\u00f2 essere influenzato dalla rimozione dei cookie e, se il computer su cui hai disabilitato i cookie \u00e8 condiviso, tale rimozione riguarder\u00e0 tutti gli utenti che utilizzano quel computer.<\/p>\n\n\n\n<p>Garante per la Protezione dei Dati Personali:<br><a href=\"http:\/\/www.garanteprivacy.it\/web\/guest\/home\/docweb\/-\/docweb-display\/docweb\/2145979\" target=\"_blank\" rel=\"noreferrer noopener\">http:\/\/www.garanteprivacy.it\/web\/guest\/home\/docweb\/-\/docweb-display\/docweb\/2145979<\/a><\/p>\n\n\n\n<p>il sito antoniooliva.ch non \u00e8 responsabile del contenuto di siti web esterni di terze parti che possono impostare o meno cookie.<\/p>\n\n\n\n<p><strong>Tipi di cookie sul sito antoniooliva.ch<\/strong><\/p>\n\n\n\n<p><strong>Essenziali<\/strong><\/p>\n\n\n\n<p>Alcuni siti, come questo sito (dove il consumatore ha a disposizione un carrello) semplicemente non funzionano senza l&#8217;uso dei cookie e la loro rimozione comprometterebbe gravemente non solo l&#8217;esperienza dell&#8217;utente sul sito, ma anche la capacit\u00e0 di eseguire operazioni utili come l&#8217;aggiunta di articoli nel carrello e completare la fase di check-out. Alcuni siti web come antoniooliva.ch dispongono di aree protette che devono essere riconosciute durante la navigazione dell&#8217;utente.<\/p>\n\n\n\n<p>Ai sensi della Direttiva UE, i cookie essenziali per l&#8217;utilizzo di un sito web possono essere utilizzati anche senza consenso; tuttavia il sito antoniooliva.ch desidera fornire agli utenti tutte le informazioni disponibili.<\/p>\n\n\n\n<p>il sito antoniooliva.ch utilizza i cookie essenziali per le seguenti finalit\u00e0:<br>Ricorda cosa \u00e8 stato ordinato dall&#8217;utente quando ha aperto altre pagine in una sola visita<br>Ricorda i beni e i servizi ordinati quando l&#8217;utente va alla pagina di check-out<br>Identificare a cui l&#8217;utente ha avuto accesso<br>I cookie che il sito antoniooliva.ch ha definito Essenziali NON verranno utilizzati per:<br>Raccogliere informazioni che potrebbero essere utilizzate per pubblicizzare prodotti o servizi all&#8217;utente<br>Ricorda le tue preferenze o il nome utente dopo la visita corrente<\/p>\n\n\n\n<p><strong>Statistici<\/strong><\/p>\n\n\n\n<p>I cookie statistici raccolgono informazioni su come il sito web viene utilizzato dall&#8217;utente, ad esempio: quali pagine vengono visitate e gli errori che si possono riscontrare. Questi cookie sono assolutamente anonimi e vengono utilizzati solo per aiutare il sito antoniooliva.ch a migliorare il funzionamento del proprio sito web e per comprendere gli interessi degli utenti.<\/p>\n\n\n\n<p>Il sito web antoniooliva.ch utilizza i cookie statistici per le seguenti finalit\u00e0:<br>Ottieni statistiche su come utilizzi il tuo sito web<br>Aiuta a migliorare il sito web misurando eventuali errori che si verificano<\/p>\n\n\n\n<p>I cookie che sono stati definiti Statistici NON verranno utilizzati per:<br>Raccogliere informazioni che potrebbero essere utilizzate per pubblicizzare prodotti o servizi agli utenti su altri siti web<br>A volte, alcuni di questi cookie sono gestiti per conto del sito antoniooliva.ch da terze parti, ma il sito antoniooliva.ch non consente a tali terze parti di utilizzare cookie per scopi diversi da quelli sopra elencati.<\/p>\n\n\n\n<p><strong>Funzionali<\/strong><\/p>\n\n\n\n<p>I cookie funzionali sono utilizzati per fornire servizi o ricordare impostazioni al fine di migliorare la visita e l&#8217;esperienza dell&#8217;utente sui siti web, il sito antoniooliva.ch.<br>il sito antoniooliva.ch utilizza Cookie Funzionali per:<br>Mostra all&#8217;utente quando ha effettuato l&#8217;accesso al sito web<br>Condividi le informazioni con i partner per fornire un servizio sul sito web antoniooliva.ch.<\/p>\n\n\n\n<p>Le informazioni condivise vengono utilizzate esclusivamente per fornire il servizio, il prodotto o la funzionalit\u00e0 e mai per altri scopi<\/p>\n\n\n\n<p>I cookie definiti Funzionali NON verranno utilizzati per:<br>Indirizzare gli utenti di altri siti Web all&#8217;utente<br>Alcuni di questi cookie sono gestiti per conto del sito antoniooliva.ch da terze parti. In tal caso, il sito antoniooliva.ch non consente a tali terze parti di utilizzare cookie per finalit\u00e0 diverse da quelle sopra elencate.<\/p>\n\n\n\n<p><strong>Tracciamento<\/strong><\/p>\n\n\n\n<p>I cookie di tracciamento sono legati a servizi forniti da terze parti, come i pulsanti &#8220;Mi Piace&#8221; e &#8220;Condividi&#8221; e il monitoraggio dell&#8217;efficacia della pubblicit\u00e0. Questi servizi sono forniti da terzi in cambio del riconoscimento che il sito web antoniooliva.ch \u00e8 stato visitato dall&#8217;utente.<\/p>\n\n\n\n<p>il sito antoniooliva.ch utilizza i cookie di tracciamento per connettersi ai social network come Facebook, che possono quindi utilizzare le informazioni sulle visite dell&#8217;utente per inviare annunci pubblicitari mirati ad altri siti web.<\/p>\n\n\n\n<p><strong>Cookie di terze parti<\/strong><\/p>\n\n\n\n<p>Navigando nel sito web del sito antoniooliva.ch si possono ricevere cookie da siti web di altre societ\u00e0 (terze parti), come la presenza dei social plugin per Facebook e Gooogle+ e altri servizi come Google Analytics e Google Maps.<\/p>\n\n\n\n<p>La presenza di questi plugin comporta la trasmissione di cookie da e verso siti gestiti da terze parti. La gestione delle informazioni raccolte da terze parti \u00e8 disciplinata dalle diverse informative consultabili ai seguenti link:<\/p>\n\n\n\n<p>Informazioni sui cookie di Facebook: <a href=\"https:\/\/www.facebook.com\/help\/cookies\/\">https:\/\/www.facebook.com\/help\/cookies\/<\/a><br>Gestione dei cookie di Facebook: sezione Privacy del tuo account<br>Informazioni su Twitter: <a href=\"https:\/\/support.twitter.com\/articles\/20170514\">https:\/\/support.twitter.com\/articles\/20170514<\/a><br>Gestione dei cookie di Twitter: sezione Sicurezza e privacy del tuo account<br>Informativa Google+: <a href=\"http:\/\/www.google.it\/intl\/it\/policies\/technologies\/cookies\/\">http:\/\/www.google.it\/intl\/it\/policies\/technologies\/cookies\/<\/a><br>Gestione dei cookie di Google+: <a href=\"http:\/\/www.google.it\/intl\/it\/policies\/technologies\/managing\/\">http:\/\/www.google.it\/intl\/it\/policies\/technologies\/managing\/<\/a><\/p>\n\n\n\n<p>Google Analytics utilizza i &#8220;cookie&#8221; per raccogliere e analizzare in forma anonima informazioni sui comportamenti di utilizzo del sito web del sito antoniooliva.ch (compreso l&#8217;indirizzo IP dell&#8217;utente). Queste informazioni vengono raccolte da Google Analytics che le elabora allo scopo di compilare report statistici per il sito antoniooliva.ch riguardanti le attivit\u00e0 sul sito web. Questo sito non utilizza, e non consente a terzi di utilizzare, lo strumento di analisi di Google per monitorare o raccogliere informazioni di identificazione personale. Google non associa l&#8217;indirizzo IP a nessun altro dato posseduto da Google n\u00e9 tenta di collegare un indirizzo IP con l&#8217;identit\u00e0 di un utente. Google pu\u00f2 anche comunicare queste informazioni a terzi ove ci\u00f2 sia imposto dalla legge o laddove tali terzi trattino le suddette informazioni per conto di Google. Per ulteriori informazioni, vedere il collegamento seguente: <a href=\"https:\/\/www.google.it\/policies\/privacy\/partners\/\">https:\/\/www.google.it\/policies\/privacy\/partners\/<\/a><br>L&#8217;utente pu\u00f2 disabilitare in modo selettivo l&#8217;azione di Google Analytics installando sul proprio browser il componente di opt-out fornito da Google. Per disabilitare l&#8217;azione di Google Analytics, fare riferimento al seguente link: <a href=\"https:\/\/tools.google.com\/dlpage\/gaoptout\">https:\/\/tools.google.com\/dlpage\/gaoptout<\/a><\/p>\n\n\n\n<p><strong>Cookie utilizzati nel sito web<\/strong><\/p>\n\n\n\n<p>Cookie di Google:<\/p>\n\n\n\n<ul class=\"wp-block-list\"><li>_gat, cookie di tracciamento di terze parti, durata 10 minuti (utilizzati per l&#8217;analisi delle visite); <\/li><li>_ga, cookie di tracciamento di terza parte persistenti, durata 2 anni (utilizzati per distinguere gli utenti).<\/li><\/ul>\n\n\n\n<p>Altri cookie utilizzati nel sito antoniooliva.ch:<\/p>\n\n\n\n<p>-La sessione scade dopo la navigazione nel sito web;<br>-Paypal.com, cookie di tracciamento di terze parti, utilizzati per i pagamenti;<br>-Facebook, cookie persistenti<\/p>\n\n\n\n<p><strong>Gestisci i cookie tramite il tuo browser:<\/strong><\/p>\n\n\n\n<p>Gli utenti possono decidere tramite le impostazioni del proprio browser se accettare o meno i cookie.<\/p>\n\n\n\n<p>Ecco come disabilitare i cookie nei browser pi\u00f9 comuni:<\/p>\n\n\n\n<ul class=\"wp-block-list\"><li>Firefox:<a href=\"https:\/\/support.mozilla.org\/it\/kb\/Gestione%20dei%20cookie\">https:\/\/support.mozilla.org\/it\/kb\/Gestione%20dei%20cookie<\/a><\/li><li>Chrome:<a href=\"https:\/\/support.google.com\/chrome\/answer\/95647?hl=it\">https:\/\/support.google.com\/chrome\/answer\/95647?hl=it<\/a><\/li><li>Internet Explorer: <a href=\"http:\/\/windows.microsoft.com\/it-it\/internet-explorer\/delete-manage-cookies#ie=ie-11\">http:\/\/windows.microsoft.com\/it-it\/internet-explorer\/delete-manage-cookies#ie=ie-11<\/a><\/li><li>Opera:<a href=\"http:\/\/help.opera.com\/Windows\/10.00\/it\/cookies.html\">http:\/\/help.opera.com\/Windows\/10.00\/it\/cookies.html<\/a><\/li><li>Safari: <a href=\"http:\/\/support.apple.com\/kb\/HT1677?viewlocale=it_IT\">http:\/\/support.apple.com\/kb\/HT1677?viewlocale=it_IT<\/a><\/li><li>Microsoft Edge: <a href=\"https:\/\/privacy.microsoft.com\/it-IT\/windows-10-microsoft-edge-and-privacy\">https:\/\/privacy.microsoft.com\/it-IT\/windows-10-microsoft-edge-and-privacy<\/a><\/li><\/ul>\n\n\n\n<p><strong>Maggiori informazioni<\/strong><br>Per maggiori informazioni utilizzare i contatti sul sito.<\/p>\n","protected":false},"excerpt":{"rendered":"<p>I cookie sono piccoli file di testo memorizzati sul computer dell&#8217;utente dai siti web. A seguito delle novit\u00e0 introdotte dalla Direttiva 2009\/136\/CE sulla Privacy e sulle<span class=\"excerpt-hellip\"> [\u2026]<\/span><\/p>\n","protected":false},"author":1,"featured_media":0,"parent":0,"menu_order":0,"comment_status":"closed","ping_status":"closed","template":"","meta":{"footnotes":""},"class_list":["post-215","page","type-page","status-publish","hentry"],"yoast_head":"<!-- This site is optimized with the Yoast SEO plugin v25.6 - https:\/\/yoast.com\/wordpress\/plugins\/seo\/ -->\n<title>Cookie Policy - Antonio Oliva<\/title>\n<meta name=\"robots\" content=\"index, follow, max-snippet:-1, max-image-preview:large, max-video-preview:-1\" \/>\n<link rel=\"canonical\" href=\"https:\/\/www.antoniooliva.ch\/it\/cookie-policy\/\" \/>\n<meta property=\"og:locale\" content=\"it_IT\" \/>\n<meta property=\"og:type\" content=\"article\" \/>\n<meta property=\"og:title\" content=\"Cookie Policy - Antonio Oliva\" \/>\n<meta property=\"og:description\" content=\"I cookie sono piccoli file di testo memorizzati sul computer dell&#8217;utente dai siti web. A seguito delle novit\u00e0 introdotte dalla Direttiva 2009\/136\/CE sulla Privacy e sulle [\u2026]\" \/>\n<meta property=\"og:url\" content=\"https:\/\/www.antoniooliva.ch\/it\/cookie-policy\/\" \/>\n<meta property=\"og:site_name\" content=\"Antonio Oliva\" \/>\n<meta property=\"article:modified_time\" content=\"2022-09-30T14:40:30+00:00\" \/>\n<meta property=\"og:image\" content=\"https:\/\/www.antoniooliva.ch\/wp-content\/uploads\/2025\/06\/opengraph.jpg\" \/>\n\t<meta property=\"og:image:width\" content=\"600\" \/>\n\t<meta property=\"og:image:height\" content=\"314\" \/>\n\t<meta property=\"og:image:type\" content=\"image\/jpeg\" \/>\n<meta name=\"twitter:card\" content=\"summary_large_image\" \/>\n<meta name=\"twitter:label1\" content=\"Tempo di lettura stimato\" \/>\n\t<meta name=\"twitter:data1\" content=\"8 minuti\" \/>\n<script type=\"application\/ld+json\" class=\"yoast-schema-graph\">{\"@context\":\"https:\/\/schema.org\",\"@graph\":[{\"@type\":\"WebPage\",\"@id\":\"https:\/\/www.antoniooliva.ch\/it\/cookie-policy\/\",\"url\":\"https:\/\/www.antoniooliva.ch\/it\/cookie-policy\/\",\"name\":\"Cookie Policy - Antonio Oliva\",\"isPartOf\":{\"@id\":\"https:\/\/www.antoniooliva.ch\/it\/#website\"},\"datePublished\":\"2022-09-30T14:23:22+00:00\",\"dateModified\":\"2022-09-30T14:40:30+00:00\",\"breadcrumb\":{\"@id\":\"https:\/\/www.antoniooliva.ch\/it\/cookie-policy\/#breadcrumb\"},\"inLanguage\":\"it-IT\",\"potentialAction\":[{\"@type\":\"ReadAction\",\"target\":[\"https:\/\/www.antoniooliva.ch\/it\/cookie-policy\/\"]}]},{\"@type\":\"BreadcrumbList\",\"@id\":\"https:\/\/www.antoniooliva.ch\/it\/cookie-policy\/#breadcrumb\",\"itemListElement\":[{\"@type\":\"ListItem\",\"position\":1,\"name\":\"Home\",\"item\":\"https:\/\/www.antoniooliva.ch\/it\/home\/\"},{\"@type\":\"ListItem\",\"position\":2,\"name\":\"Cookie Policy\"}]},{\"@type\":\"WebSite\",\"@id\":\"https:\/\/www.antoniooliva.ch\/it\/#website\",\"url\":\"https:\/\/www.antoniooliva.ch\/it\/\",\"name\":\"Antonio Oliva\",\"description\":\"Life and Career Coach\",\"potentialAction\":[{\"@type\":\"SearchAction\",\"target\":{\"@type\":\"EntryPoint\",\"urlTemplate\":\"https:\/\/www.antoniooliva.ch\/it\/?s={search_term_string}\"},\"query-input\":{\"@type\":\"PropertyValueSpecification\",\"valueRequired\":true,\"valueName\":\"search_term_string\"}}],\"inLanguage\":\"it-IT\"}]}<\/script>\n<!-- \/ Yoast SEO plugin. -->","yoast_head_json":{"title":"Cookie Policy - Antonio Oliva","robots":{"index":"index","follow":"follow","max-snippet":"max-snippet:-1","max-image-preview":"max-image-preview:large","max-video-preview":"max-video-preview:-1"},"canonical":"https:\/\/www.antoniooliva.ch\/it\/cookie-policy\/","og_locale":"it_IT","og_type":"article","og_title":"Cookie Policy - Antonio Oliva","og_description":"I cookie sono piccoli file di testo memorizzati sul computer dell&#8217;utente dai siti web. A seguito delle novit\u00e0 introdotte dalla Direttiva 2009\/136\/CE sulla Privacy e sulle [\u2026]","og_url":"https:\/\/www.antoniooliva.ch\/it\/cookie-policy\/","og_site_name":"Antonio Oliva","article_modified_time":"2022-09-30T14:40:30+00:00","og_image":[{"width":600,"height":314,"url":"https:\/\/www.antoniooliva.ch\/wp-content\/uploads\/2025\/06\/opengraph.jpg","type":"image\/jpeg"}],"twitter_card":"summary_large_image","twitter_misc":{"Tempo di lettura stimato":"8 minuti"},"schema":{"@context":"https:\/\/schema.org","@graph":[{"@type":"WebPage","@id":"https:\/\/www.antoniooliva.ch\/it\/cookie-policy\/","url":"https:\/\/www.antoniooliva.ch\/it\/cookie-policy\/","name":"Cookie Policy - Antonio Oliva","isPartOf":{"@id":"https:\/\/www.antoniooliva.ch\/it\/#website"},"datePublished":"2022-09-30T14:23:22+00:00","dateModified":"2022-09-30T14:40:30+00:00","breadcrumb":{"@id":"https:\/\/www.antoniooliva.ch\/it\/cookie-policy\/#breadcrumb"},"inLanguage":"it-IT","potentialAction":[{"@type":"ReadAction","target":["https:\/\/www.antoniooliva.ch\/it\/cookie-policy\/"]}]},{"@type":"BreadcrumbList","@id":"https:\/\/www.antoniooliva.ch\/it\/cookie-policy\/#breadcrumb","itemListElement":[{"@type":"ListItem","position":1,"name":"Home","item":"https:\/\/www.antoniooliva.ch\/it\/home\/"},{"@type":"ListItem","position":2,"name":"Cookie Policy"}]},{"@type":"WebSite","@id":"https:\/\/www.antoniooliva.ch\/it\/#website","url":"https:\/\/www.antoniooliva.ch\/it\/","name":"Antonio Oliva","description":"Life and Career Coach","potentialAction":[{"@type":"SearchAction","target":{"@type":"EntryPoint","urlTemplate":"https:\/\/www.antoniooliva.ch\/it\/?s={search_term_string}"},"query-input":{"@type":"PropertyValueSpecification","valueRequired":true,"valueName":"search_term_string"}}],"inLanguage":"it-IT"}]}},"_links":{"self":[{"href":"https:\/\/www.antoniooliva.ch\/it\/wp-json\/wp\/v2\/pages\/215"}],"collection":[{"href":"https:\/\/www.antoniooliva.ch\/it\/wp-json\/wp\/v2\/pages"}],"about":[{"href":"https:\/\/www.antoniooliva.ch\/it\/wp-json\/wp\/v2\/types\/page"}],"author":[{"embeddable":true,"href":"https:\/\/www.antoniooliva.ch\/it\/wp-json\/wp\/v2\/users\/1"}],"replies":[{"embeddable":true,"href":"https:\/\/www.antoniooliva.ch\/it\/wp-json\/wp\/v2\/comments?post=215"}],"version-history":[{"count":3,"href":"https:\/\/www.antoniooliva.ch\/it\/wp-json\/wp\/v2\/pages\/215\/revisions"}],"predecessor-version":[{"id":483,"href":"https:\/\/www.antoniooliva.ch\/it\/wp-json\/wp\/v2\/pages\/215\/revisions\/483"}],"wp:attachment":[{"href":"https:\/\/www.antoniooliva.ch\/it\/wp-json\/wp\/v2\/media?parent=215"}],"curies":[{"name":"wp","href":"https:\/\/api.w.org\/{rel}","templated":true}]}}